{"id":372,"date":"2025-06-09T20:59:46","date_gmt":"2025-06-09T20:59:46","guid":{"rendered":"https:\/\/planimus.si\/?post_type=product&#038;p=372"},"modified":"2025-06-09T20:59:46","modified_gmt":"2025-06-09T20:59:46","slug":"legalizacija","status":"publish","type":"product","link":"https:\/\/planimus.si\/?product=legalizacija","title":{"rendered":"Legalizacija"},"content":{"rendered":"<p>* Ogled lokacije<br \/>\n* Posnetek obstoje\u010dega stanja<br \/>\n* Projekt<br \/>\n* Oddaja projekta na Upravno enoto in vodenje postopka<br \/>\n* Potni stro\u0161ki niso v\u0161teti v ceno \u2013 cena 60\u20ac + DDV, okolica Ljubljane, ostali kraji po Slovenji se obra\u010dunajo skladno s kilometrino<\/p>\n<p><strong>Kon\u010dna cena je odvisna od zahtevnosti projekta. Pi\u0161ite na <a class=\"cursor-pointer\" rel=\"noopener\" data-start=\"120\" data-end=\"136\">info@planimus.si<\/a> ali pokli\u010dite +386 41 265 695 za ponudbo po meri.<\/strong><\/p>\n","protected":false},"excerpt":{"rendered":"<p>* Ogled lokacije * Posnetek obstoje\u010dega stanja * Projekt * Oddaja projekta na Upravno enoto in vodenje postopka * Potni stro\u0161ki niso v\u0161teti v ceno \u2013 cena 60\u20ac + DDV, okolica Ljubljane, ostali kraji po Slovenji se obra\u010dunajo skladno s kilometrino Kon\u010dna cena je odvisna od zahtevnosti projekta. Pi\u0161ite na info@planimus.si ali pokli\u010dite +386 41 [&hellip;]<\/p>\n","protected":false},"featured_media":335,"comment_status":"open","ping_status":"closed","template":"","meta":[],"product_brand":[],"product_cat":[25],"product_tag":[],"class_list":{"0":"post-372","1":"product","2":"type-product","3":"status-publish","4":"has-post-thumbnail","6":"product_cat-obstojece-zgradbe","8":"first","9":"instock","10":"shipping-taxable","11":"product-type-simple"},"_links":{"self":[{"href":"https:\/\/planimus.si\/index.php?rest_route=\/wp\/v2\/product\/372","targetHints":{"allow":["GET"]}}],"collection":[{"href":"https:\/\/planimus.si\/index.php?rest_route=\/wp\/v2\/product"}],"about":[{"href":"https:\/\/planimus.si\/index.php?rest_route=\/wp\/v2\/types\/product"}],"replies":[{"embeddable":true,"href":"https:\/\/planimus.si\/index.php?rest_route=%2Fwp%2Fv2%2Fcomments&post=372"}],"wp:featuredmedia":[{"embeddable":true,"href":"https:\/\/planimus.si\/index.php?rest_route=\/wp\/v2\/media\/335"}],"wp:attachment":[{"href":"https:\/\/planimus.si\/index.php?rest_route=%2Fwp%2Fv2%2Fmedia&parent=372"}],"wp:term":[{"taxonomy":"product_brand","embeddable":true,"href":"https:\/\/planimus.si\/index.php?rest_route=%2Fwp%2Fv2%2Fproduct_brand&post=372"},{"taxonomy":"product_cat","embeddable":true,"href":"https:\/\/planimus.si\/index.php?rest_route=%2Fwp%2Fv2%2Fproduct_cat&post=372"},{"taxonomy":"product_tag","embeddable":true,"href":"https:\/\/planimus.si\/index.php?rest_route=%2Fwp%2Fv2%2Fproduct_tag&post=372"}],"curies":[{"name":"wp","href":"https:\/\/api.w.org\/{rel}","templated":true}]}}