{"id":367,"date":"2025-06-09T20:55:23","date_gmt":"2025-06-09T20:55:23","guid":{"rendered":"https:\/\/planimus.si\/?post_type=product&#038;p=367"},"modified":"2025-06-09T20:55:23","modified_gmt":"2025-06-09T20:55:23","slug":"pzi-projekt-za-izvedbo-2","status":"publish","type":"product","link":"https:\/\/planimus.si\/?product=pzi-projekt-za-izvedbo-2","title":{"rendered":"PZI \u2013 Projekt za izvedbo"},"content":{"rendered":"<p><strong>Projekt za izvedbo:<\/strong><\/p>\n<p data-start=\"0\" data-end=\"64\">do 120 m\u00b2 \u2013 500 \u20ac<br data-start=\"39\" data-end=\"42\" \/>120\u2013500 m\u00b2 \u2013 1.000 \u20ac<\/p>\n<p data-start=\"66\" data-end=\"193\" data-is-last-node=\"\" data-is-only-node=\"\">Cena se lahko prilagodi glede na specifi\u010den projekt. Za to\u010dno ponudbo pi\u0161ite na\u00a0<a class=\"cursor-pointer\" rel=\"noopener\" data-start=\"146\" data-end=\"162\"><strong>info@planimus.si<\/strong><\/a>\u00a0ali pokli\u010dite +<strong>386 41 265 695.<\/strong><\/p>\n","protected":false},"excerpt":{"rendered":"<p>Projekt za izvedbo: do 120 m\u00b2 \u2013 500 \u20ac120\u2013500 m\u00b2 \u2013 1.000 \u20ac Cena se lahko prilagodi glede na specifi\u010den projekt. Za to\u010dno ponudbo pi\u0161ite na\u00a0info@planimus.si\u00a0ali pokli\u010dite +386 41 265 695.<\/p>\n","protected":false},"featured_media":350,"comment_status":"open","ping_status":"closed","template":"","meta":[],"product_brand":[],"product_cat":[24],"product_tag":[],"class_list":{"0":"post-367","1":"product","2":"type-product","3":"status-publish","4":"has-post-thumbnail","6":"product_cat-novogradnja","8":"first","9":"instock","10":"shipping-taxable","11":"product-type-simple"},"_links":{"self":[{"href":"https:\/\/planimus.si\/index.php?rest_route=\/wp\/v2\/product\/367","targetHints":{"allow":["GET"]}}],"collection":[{"href":"https:\/\/planimus.si\/index.php?rest_route=\/wp\/v2\/product"}],"about":[{"href":"https:\/\/planimus.si\/index.php?rest_route=\/wp\/v2\/types\/product"}],"replies":[{"embeddable":true,"href":"https:\/\/planimus.si\/index.php?rest_route=%2Fwp%2Fv2%2Fcomments&post=367"}],"wp:featuredmedia":[{"embeddable":true,"href":"https:\/\/planimus.si\/index.php?rest_route=\/wp\/v2\/media\/350"}],"wp:attachment":[{"href":"https:\/\/planimus.si\/index.php?rest_route=%2Fwp%2Fv2%2Fmedia&parent=367"}],"wp:term":[{"taxonomy":"product_brand","embeddable":true,"href":"https:\/\/planimus.si\/index.php?rest_route=%2Fwp%2Fv2%2Fproduct_brand&post=367"},{"taxonomy":"product_cat","embeddable":true,"href":"https:\/\/planimus.si\/index.php?rest_route=%2Fwp%2Fv2%2Fproduct_cat&post=367"},{"taxonomy":"product_tag","embeddable":true,"href":"https:\/\/planimus.si\/index.php?rest_route=%2Fwp%2Fv2%2Fproduct_tag&post=367"}],"curies":[{"name":"wp","href":"https:\/\/api.w.org\/{rel}","templated":true}]}}