{"id":261,"date":"2025-06-03T21:05:33","date_gmt":"2025-06-03T21:05:33","guid":{"rendered":"https:\/\/planimus.si\/?post_type=product&#038;p=261"},"modified":"2025-06-18T09:16:29","modified_gmt":"2025-06-18T09:16:29","slug":"arhitekt-24-7-15min-telefonskega-pogovora","status":"publish","type":"product","link":"https:\/\/planimus.si\/?product=arhitekt-24-7-15min-telefonskega-pogovora","title":{"rendered":"Arhitekt 24\/7 \u2013 15min telefonskega pogovora"},"content":{"rendered":"<p>Hitro in enostavno do strokovnega mnenja! V 15-minutnem pogovoru z izku\u0161enim arhitektom lahko razre\u0161i\u0161 dileme glede tlorisa, prenove, materialov ali postopkov. Namenjeno vsem, ki potrebujejo hiter nasvet, potrditev ideje ali usmeritev naprej \u2013 brez \u010dakanja, brez komplikacij. Pokli\u010di, vpra\u0161aj, re\u0161i.<\/p>\n","protected":false},"excerpt":{"rendered":"<p>Hitro in enostavno do strokovnega mnenja! V 15-minutnem pogovoru z izku\u0161enim arhitektom lahko razre\u0161i\u0161 dileme glede tlorisa, prenove, materialov ali postopkov. Namenjeno vsem, ki potrebujejo hiter nasvet, potrditev ideje ali usmeritev naprej \u2013 brez \u010dakanja, brez komplikacij. Pokli\u010di, vpra\u0161aj, re\u0161i.<\/p>\n","protected":false},"featured_media":24,"comment_status":"open","ping_status":"closed","template":"","meta":[],"product_brand":[],"product_cat":[27],"product_tag":[],"class_list":{"0":"post-261","1":"product","2":"type-product","3":"status-publish","4":"has-post-thumbnail","6":"product_cat-priljubljeno","8":"first","9":"instock","10":"shipping-taxable","11":"purchasable","12":"product-type-simple"},"_links":{"self":[{"href":"https:\/\/planimus.si\/index.php?rest_route=\/wp\/v2\/product\/261","targetHints":{"allow":["GET"]}}],"collection":[{"href":"https:\/\/planimus.si\/index.php?rest_route=\/wp\/v2\/product"}],"about":[{"href":"https:\/\/planimus.si\/index.php?rest_route=\/wp\/v2\/types\/product"}],"replies":[{"embeddable":true,"href":"https:\/\/planimus.si\/index.php?rest_route=%2Fwp%2Fv2%2Fcomments&post=261"}],"wp:featuredmedia":[{"embeddable":true,"href":"https:\/\/planimus.si\/index.php?rest_route=\/wp\/v2\/media\/24"}],"wp:attachment":[{"href":"https:\/\/planimus.si\/index.php?rest_route=%2Fwp%2Fv2%2Fmedia&parent=261"}],"wp:term":[{"taxonomy":"product_brand","embeddable":true,"href":"https:\/\/planimus.si\/index.php?rest_route=%2Fwp%2Fv2%2Fproduct_brand&post=261"},{"taxonomy":"product_cat","embeddable":true,"href":"https:\/\/planimus.si\/index.php?rest_route=%2Fwp%2Fv2%2Fproduct_cat&post=261"},{"taxonomy":"product_tag","embeddable":true,"href":"https:\/\/planimus.si\/index.php?rest_route=%2Fwp%2Fv2%2Fproduct_tag&post=261"}],"curies":[{"name":"wp","href":"https:\/\/api.w.org\/{rel}","templated":true}]}}