{"id":205,"date":"2025-06-03T20:27:02","date_gmt":"2025-06-03T20:27:02","guid":{"rendered":"https:\/\/planimus.si\/?page_id=205"},"modified":"2025-06-03T21:49:42","modified_gmt":"2025-06-03T21:49:42","slug":"kosarica","status":"publish","type":"page","link":"https:\/\/planimus.si\/?page_id=205","title":{"rendered":"Ko\u0161arica"},"content":{"rendered":"\t\t<div data-elementor-type=\"wp-page\" data-elementor-id=\"205\" class=\"elementor elementor-205\" data-elementor-post-type=\"page\">\n\t\t\t\t<div class=\"elementor-element elementor-element-3fb2abc3 e-flex e-con-boxed e-con e-parent\" data-id=\"3fb2abc3\" data-element_type=\"container\" data-e-type=\"container\">\n\t\t\t\t\t<div class=\"e-con-inner\">\n\t\t\t\t<div class=\"elementor-element elementor-element-e74d995 elementor-widget elementor-widget-heading\" data-id=\"e74d995\" data-element_type=\"widget\" data-e-type=\"widget\" data-widget_type=\"heading.default\">\n\t\t\t\t<div class=\"elementor-widget-container\">\n\t\t\t\t\t<h2 class=\"elementor-heading-title elementor-size-default\">Ko\u0161arica<\/h2>\t\t\t\t<\/div>\n\t\t\t\t<\/div>\n\t\t\t\t\t<\/div>\n\t\t\t\t<\/div>\n\t\t<div class=\"elementor-element elementor-element-d38bb97 e-flex e-con-boxed e-con e-parent\" data-id=\"d38bb97\" data-element_type=\"container\" data-e-type=\"container\">\n\t\t\t\t\t<div class=\"e-con-inner\">\n\t\t<div class=\"elementor-element elementor-element-ddd7f9e e-con-full e-flex e-con e-child\" data-id=\"ddd7f9e\" data-element_type=\"container\" data-e-type=\"container\" data-settings=\"{&quot;background_background&quot;:&quot;classic&quot;}\">\n\t\t\t\t<div class=\"elementor-element elementor-element-445ce40 e-cart-layout-two-column elementor-widget elementor-widget-woocommerce-cart\" data-id=\"445ce40\" data-element_type=\"widget\" data-e-type=\"widget\" data-settings=\"{&quot;update_cart_automatically&quot;:&quot;yes&quot;}\" data-widget_type=\"woocommerce-cart.default\">\n\t\t\t\t<div class=\"elementor-widget-container\">\n\t\t\t\t\t<div class=\"woocommerce\"><div class=\"woocommerce-notices-wrapper\"><\/div><div class=\"wc-empty-cart-message\">\n\t<div class=\"cart-empty woocommerce-info\" role=\"status\">\n\t\tVa\u0161a ko\u0161arica je trenutno prazna.\t<\/div>\n<\/div>\t<p class=\"return-to-shop\">\n\t\t<a class=\"button wc-backward\" href=\"https:\/\/planimus.si\/?page_id=204\">\n\t\t\tNazaj v trgovino\t\t<\/a>\n\t<\/p>\n<\/div>\t\t\t\t<\/div>\n\t\t\t\t<\/div>\n\t\t\t\t<\/div>\n\t\t\t\t\t<\/div>\n\t\t\t\t<\/div>\n\t\t\t\t<\/div>\n\t\t","protected":false},"excerpt":{"rendered":"<p>Ko\u0161arica Odstrani predmet Predogledna sli\u010dica Izdelek Cena Koli\u010dina Delni znesek &times; Arhitekt 24\/7 \u2013 15min telefonskega pogovora 30,00&nbsp;&euro; Arhitekt 24\/7 \u2013 15min telefonskega pogovora koli\u010dina 30,00&nbsp;&euro; Dodaj kupon Skupaj Delni znesek 30,00&nbsp;&euro; Dostava Vnesite va\u0161 naslov za ogled mo\u017enosti dostave. Izra\u010dunajte dostavo Country \/ region Izberi dr\u017eavo \/ regijo&hellip;Afganistan\u00c5land IslandsAlbanijaAl\u017eirijaAmeri\u0161ka SamoaAndoraAngolaAngvilaAntarktikaAntigva in BarbudaArgentinaArmenijaArubaAvstralijaAvstrijaAzerbajd\u017eanBahamiBahrajnBanglade\u0161BarbadosBelauBelgijaBelizeBelorusijaBeninBermudiBocvanaBolgarijaBolivijaBonaire, Saint Eustatius [&hellip;]<\/p>\n","protected":false},"author":1,"featured_media":0,"parent":0,"menu_order":0,"comment_status":"closed","ping_status":"closed","template":"","meta":{"footnotes":""},"class_list":["post-205","page","type-page","status-publish","hentry"],"_links":{"self":[{"href":"https:\/\/planimus.si\/index.php?rest_route=\/wp\/v2\/pages\/205","targetHints":{"allow":["GET"]}}],"collection":[{"href":"https:\/\/planimus.si\/index.php?rest_route=\/wp\/v2\/pages"}],"about":[{"href":"https:\/\/planimus.si\/index.php?rest_route=\/wp\/v2\/types\/page"}],"author":[{"embeddable":true,"href":"https:\/\/planimus.si\/index.php?rest_route=\/wp\/v2\/users\/1"}],"replies":[{"embeddable":true,"href":"https:\/\/planimus.si\/index.php?rest_route=%2Fwp%2Fv2%2Fcomments&post=205"}],"version-history":[{"count":21,"href":"https:\/\/planimus.si\/index.php?rest_route=\/wp\/v2\/pages\/205\/revisions"}],"predecessor-version":[{"id":326,"href":"https:\/\/planimus.si\/index.php?rest_route=\/wp\/v2\/pages\/205\/revisions\/326"}],"wp:attachment":[{"href":"https:\/\/planimus.si\/index.php?rest_route=%2Fwp%2Fv2%2Fmedia&parent=205"}],"curies":[{"name":"wp","href":"https:\/\/api.w.org\/{rel}","templated":true}]}}