{"id":20,"date":"2025-03-26T11:31:24","date_gmt":"2025-03-26T11:31:24","guid":{"rendered":"https:\/\/planimus.si\/?page_id=20"},"modified":"2025-05-09T11:40:36","modified_gmt":"2025-05-09T11:40:36","slug":"storitve","status":"publish","type":"page","link":"https:\/\/planimus.si\/?page_id=20","title":{"rendered":"Storitve"},"content":{"rendered":"\t\t<div data-elementor-type=\"wp-page\" data-elementor-id=\"20\" class=\"elementor elementor-20\" data-elementor-post-type=\"page\">\n\t\t\t\t<div class=\"elementor-element elementor-element-7c07336e e-flex e-con-boxed e-con e-parent\" data-id=\"7c07336e\" data-element_type=\"container\" data-e-type=\"container\" data-settings=\"{&quot;background_background&quot;:&quot;classic&quot;}\">\n\t\t\t\t\t<div class=\"e-con-inner\">\n\t\t\t\t<div class=\"elementor-element elementor-element-6d2d7104 elementor-widget elementor-widget-heading\" data-id=\"6d2d7104\" data-element_type=\"widget\" data-e-type=\"widget\" data-widget_type=\"heading.default\">\n\t\t\t\t<div class=\"elementor-widget-container\">\n\t\t\t\t\t<h2 class=\"elementor-heading-title elementor-size-default\">Projektiranje <br>in in\u017eeiniring<\/h2>\t\t\t\t<\/div>\n\t\t\t\t<\/div>\n\t\t\t\t\t<\/div>\n\t\t\t\t<\/div>\n\t\t<div class=\"elementor-element elementor-element-139e021b e-flex e-con-boxed e-con e-parent\" data-id=\"139e021b\" data-element_type=\"container\" data-e-type=\"container\" data-settings=\"{&quot;background_background&quot;:&quot;classic&quot;}\">\n\t\t\t\t\t<div class=\"e-con-inner\">\n\t\t\t\t<div class=\"elementor-element elementor-element-56bff43b elementor-widget elementor-widget-heading\" data-id=\"56bff43b\" data-element_type=\"widget\" data-e-type=\"widget\" data-widget_type=\"heading.default\">\n\t\t\t\t<div class=\"elementor-widget-container\">\n\t\t\t\t\t<h2 class=\"elementor-heading-title elementor-size-default\">Faze projektne dokumentacije<\/h2>\t\t\t\t<\/div>\n\t\t\t\t<\/div>\n\t\t<div class=\"elementor-element elementor-element-1f24b2e5 e-con-full e-flex e-con e-child\" data-id=\"1f24b2e5\" data-element_type=\"container\" data-e-type=\"container\">\n\t\t\t\t<div class=\"elementor-element elementor-element-abc3042 elementor-widget elementor-widget-heading\" data-id=\"abc3042\" data-element_type=\"widget\" data-e-type=\"widget\" data-widget_type=\"heading.default\">\n\t\t\t\t<div class=\"elementor-widget-container\">\n\t\t\t\t\t<h2 class=\"elementor-heading-title elementor-size-default\">IDZ \u2013 Idejna zasnova<\/h2>\t\t\t\t<\/div>\n\t\t\t\t<\/div>\n\t\t\t\t<div class=\"elementor-element elementor-element-4a8ec7f9 elementor-widget elementor-widget-text-editor\" data-id=\"4a8ec7f9\" data-element_type=\"widget\" data-e-type=\"widget\" data-widget_type=\"text-editor.default\">\n\t\t\t\t<div class=\"elementor-widget-container\">\n\t\t\t\t\t\t\t\t\t<p><span style=\"font-weight: 400;\"><strong>Za\u010detna faza<\/strong> je osredoto\u010dena na<strong> pridobitev projektnih pogojev in soglasij ustreznih organov<\/strong>, s \u010dimer se preveri in zagotovi izvedljivost va\u0161ega projekta. <strong>Pripravimo<\/strong> vam splo\u0161en opis nameravane gradnje ter kratek opis izhodi\u0161\u010d in osnovnih zna\u010dilnosti re\u0161itve.<\/span><\/p>\t\t\t\t\t\t\t\t<\/div>\n\t\t\t\t<\/div>\n\t\t\t\t<\/div>\n\t\t<div class=\"elementor-element elementor-element-2313225 e-con-full e-flex e-con e-child\" data-id=\"2313225\" data-element_type=\"container\" data-e-type=\"container\">\n\t\t\t\t<div class=\"elementor-element elementor-element-3077b8ef elementor-widget elementor-widget-heading\" data-id=\"3077b8ef\" data-element_type=\"widget\" data-e-type=\"widget\" data-widget_type=\"heading.default\">\n\t\t\t\t<div class=\"elementor-widget-container\">\n\t\t\t\t\t<h2 class=\"elementor-heading-title elementor-size-default\">IDP \u2013 Idejni projekt\n<\/h2>\t\t\t\t<\/div>\n\t\t\t\t<\/div>\n\t\t\t\t<div class=\"elementor-element elementor-element-f9c9913 elementor-widget elementor-widget-text-editor\" data-id=\"f9c9913\" data-element_type=\"widget\" data-e-type=\"widget\" data-widget_type=\"text-editor.default\">\n\t\t\t\t<div class=\"elementor-widget-container\">\n\t\t\t\t\t\t\t\t\t<p><span style=\"font-weight: 400;\">Ta faza<strong> pomaga dolo\u010diti najprimernej\u0161o<\/strong> varianto planirane zgradbe. Izbere se najbolj\u0161i na\u010din za izvedbo gradbenih del. Dobite <strong>natan\u010dnej\u0161i pregled<\/strong> nameravane gradnje. <strong>Izdelamo vam risbe<\/strong>, na podlagi katerih se izdela izra\u010dun oziroma prora\u010dun investicije. V tej fazi se sprejme odlo\u010ditev o nadaljevanju projekta.<\/span><\/p>\t\t\t\t\t\t\t\t<\/div>\n\t\t\t\t<\/div>\n\t\t\t\t<\/div>\n\t\t<div class=\"elementor-element elementor-element-4276c691 e-con-full e-flex e-con e-child\" data-id=\"4276c691\" data-element_type=\"container\" data-e-type=\"container\">\n\t\t\t\t<div class=\"elementor-element elementor-element-4b883b51 elementor-widget elementor-widget-heading\" data-id=\"4b883b51\" data-element_type=\"widget\" data-e-type=\"widget\" data-widget_type=\"heading.default\">\n\t\t\t\t<div class=\"elementor-widget-container\">\n\t\t\t\t\t<h2 class=\"elementor-heading-title elementor-size-default\">DGD \u2013 Projekt za pridobitev gradbenega dovoljenja\n<\/h2>\t\t\t\t<\/div>\n\t\t\t\t<\/div>\n\t\t\t\t<div class=\"elementor-element elementor-element-6da5d040 elementor-widget elementor-widget-text-editor\" data-id=\"6da5d040\" data-element_type=\"widget\" data-e-type=\"widget\" data-widget_type=\"text-editor.default\">\n\t\t\t\t<div class=\"elementor-widget-container\">\n\t\t\t\t\t\t\t\t\t<p><span style=\"font-weight: 400;\">Namen DGD je <strong>izklju\u010dno pridobitev gradbenega dovoljenja.<\/strong> \u010ceprav zagotavlja pravno odobritev, \u0161e ne zagotavlja podrobnosti, potrebnih za dejansko gradnjo.<\/span><\/p>\t\t\t\t\t\t\t\t<\/div>\n\t\t\t\t<\/div>\n\t\t\t\t<\/div>\n\t\t<div class=\"elementor-element elementor-element-36db6a9b e-con-full e-flex e-con e-child\" data-id=\"36db6a9b\" data-element_type=\"container\" data-e-type=\"container\">\n\t\t\t\t<div class=\"elementor-element elementor-element-6ce717a0 elementor-widget elementor-widget-heading\" data-id=\"6ce717a0\" data-element_type=\"widget\" data-e-type=\"widget\" data-widget_type=\"heading.default\">\n\t\t\t\t<div class=\"elementor-widget-container\">\n\t\t\t\t\t<h2 class=\"elementor-heading-title elementor-size-default\">PZI \u2013 Projekt za izvedbo\n<\/h2>\t\t\t\t<\/div>\n\t\t\t\t<\/div>\n\t\t\t\t<div class=\"elementor-element elementor-element-371fee4a elementor-widget elementor-widget-text-editor\" data-id=\"371fee4a\" data-element_type=\"widget\" data-e-type=\"widget\" data-widget_type=\"text-editor.default\">\n\t\t\t\t<div class=\"elementor-widget-container\">\n\t\t\t\t\t\t\t\t\t<p><span style=\"font-weight: 400;\">Faza PZI vklju\u010duje <strong>podrobno gradbeno dokumentacijo<\/strong>, ki omogo\u010da izvedbo vseh del po natan\u010dnih na\u010drtih in predpisih. Vsebuje <strong>podroben opis<\/strong> nameravane gradnje in predvidenih konstrukcijskih re\u0161itev. Izdela se natan\u010den popis gradbeno obrtni\u0161kih del, dobite projektantski predra\u010dun. S tem na\u010drtom lahko <strong>za\u010dnete izvajati<\/strong> gradnjo<\/span><\/p>\t\t\t\t\t\t\t\t<\/div>\n\t\t\t\t<\/div>\n\t\t\t\t<\/div>\n\t\t<div class=\"elementor-element elementor-element-392d13df e-con-full e-flex e-con e-child\" data-id=\"392d13df\" data-element_type=\"container\" data-e-type=\"container\">\n\t\t\t\t<div class=\"elementor-element elementor-element-7b9ff30f elementor-widget elementor-widget-heading\" data-id=\"7b9ff30f\" data-element_type=\"widget\" data-e-type=\"widget\" data-widget_type=\"heading.default\">\n\t\t\t\t<div class=\"elementor-widget-container\">\n\t\t\t\t\t<h2 class=\"elementor-heading-title elementor-size-default\">PID \u2013 Projekt za izvedena dela\n<\/h2>\t\t\t\t<\/div>\n\t\t\t\t<\/div>\n\t\t\t\t<div class=\"elementor-element elementor-element-7c819c3c elementor-widget elementor-widget-text-editor\" data-id=\"7c819c3c\" data-element_type=\"widget\" data-e-type=\"widget\" data-widget_type=\"text-editor.default\">\n\t\t\t\t<div class=\"elementor-widget-container\">\n\t\t\t\t\t\t\t\t\t<p><span style=\"font-weight: 400;\">Ta zadnja faza je bistvena za <strong>pridobitev uporabnega dovoljenja<\/strong>, ki potrjuje, da je gradnja izvedena v skladu s predpisi in varna za uporabo.<\/span><\/p>\t\t\t\t\t\t\t\t<\/div>\n\t\t\t\t<\/div>\n\t\t\t\t<\/div>\n\t\t\t\t\t<\/div>\n\t\t\t\t<\/div>\n\t\t<div class=\"elementor-element elementor-element-6fb93418 e-flex e-con-boxed e-con e-parent\" data-id=\"6fb93418\" data-element_type=\"container\" data-e-type=\"container\" data-settings=\"{&quot;background_background&quot;:&quot;classic&quot;}\">\n\t\t\t\t\t<div class=\"e-con-inner\">\n\t\t\t\t<div class=\"elementor-element elementor-element-7b667678 elementor-widget elementor-widget-heading\" data-id=\"7b667678\" data-element_type=\"widget\" data-e-type=\"widget\" data-widget_type=\"heading.default\">\n\t\t\t\t<div class=\"elementor-widget-container\">\n\t\t\t\t\t<h2 class=\"elementor-heading-title elementor-size-default\">Storitve projektiranja in upravnih postopkov<\/h2>\t\t\t\t<\/div>\n\t\t\t\t<\/div>\n\t\t\t\t\t<\/div>\n\t\t\t\t<\/div>\n\t\t<div class=\"elementor-element elementor-element-35657942 e-flex e-con-boxed e-con e-parent\" data-id=\"35657942\" data-element_type=\"container\" data-e-type=\"container\" data-settings=\"{&quot;background_background&quot;:&quot;classic&quot;}\">\n\t\t\t\t\t<div class=\"e-con-inner\">\n\t\t<div class=\"elementor-element elementor-element-64519a39 e-con-full e-flex e-con e-child\" data-id=\"64519a39\" data-element_type=\"container\" data-e-type=\"container\">\n\t\t\t\t<div class=\"elementor-element elementor-element-a7a7423 elementor-widget elementor-widget-menu-anchor\" data-id=\"a7a7423\" data-element_type=\"widget\" data-e-type=\"widget\" data-widget_type=\"menu-anchor.default\">\n\t\t\t\t<div class=\"elementor-widget-container\">\n\t\t\t\t\t\t\t<div class=\"elementor-menu-anchor\" id=\"legalizacija\"><\/div>\n\t\t\t\t\t\t<\/div>\n\t\t\t\t<\/div>\n\t\t\t\t<div class=\"elementor-element elementor-element-74a9ad6 elementor-widget elementor-widget-heading\" data-id=\"74a9ad6\" data-element_type=\"widget\" data-e-type=\"widget\" data-widget_type=\"heading.default\">\n\t\t\t\t<div class=\"elementor-widget-container\">\n\t\t\t\t\t<h2 class=\"elementor-heading-title elementor-size-default\">Preveritev mo\u017enosti legalizacija<\/h2>\t\t\t\t<\/div>\n\t\t\t\t<\/div>\n\t\t\t\t<div class=\"elementor-element elementor-element-4287c77 elementor-widget elementor-widget-text-editor\" data-id=\"4287c77\" data-element_type=\"widget\" data-e-type=\"widget\" data-widget_type=\"text-editor.default\">\n\t\t\t\t<div class=\"elementor-widget-container\">\n\t\t\t\t\t\t\t\t\t<p><span style=\"font-weight: 400;\">S preveritvijo ugotavljamo va\u0161e mo\u017enosti legalizacije ter sku\u0161amo kar najbolje predvideti morebitne ovire ali druge omejitve v postopkih. Namen poro\u010dila je predvsem izklju\u010diti ve\u010dje ovire pred pri\u010detkom postopka legalizacije, da se predhodno izogne morebitnim kasnej\u0161im te\u017eavam in prekinitvam postopka zaradi nezmo\u017enosti nadaljevanja.<\/span><\/p>\t\t\t\t\t\t\t\t<\/div>\n\t\t\t\t<\/div>\n\t\t\t\t<\/div>\n\t\t<div class=\"elementor-element elementor-element-17e46e08 e-con-full e-flex e-con e-child\" data-id=\"17e46e08\" data-element_type=\"container\" data-e-type=\"container\">\n\t\t\t\t<div class=\"elementor-element elementor-element-4eb4c21 elementor-widget elementor-widget-image\" data-id=\"4eb4c21\" data-element_type=\"widget\" data-e-type=\"widget\" data-widget_type=\"image.default\">\n\t\t\t\t<div class=\"elementor-widget-container\">\n\t\t\t\t\t\t\t\t\t\t\t\t\t\t\t<img fetchpriority=\"high\" decoding=\"async\" width=\"800\" height=\"800\" src=\"https:\/\/planimus.si\/wp-content\/uploads\/2025\/03\/1-2-1024x1024.webp\" class=\"attachment-large size-large wp-image-21\" alt=\"\" srcset=\"https:\/\/planimus.si\/wp-content\/uploads\/2025\/03\/1-2-1024x1024.webp 1024w, https:\/\/planimus.si\/wp-content\/uploads\/2025\/03\/1-2-300x300.webp 300w, https:\/\/planimus.si\/wp-content\/uploads\/2025\/03\/1-2-150x150.webp 150w, https:\/\/planimus.si\/wp-content\/uploads\/2025\/03\/1-2-768x768.webp 768w, https:\/\/planimus.si\/wp-content\/uploads\/2025\/03\/1-2.webp 1080w\" sizes=\"(max-width: 800px) 100vw, 800px\" \/>\t\t\t\t\t\t\t\t\t\t\t\t\t\t\t<\/div>\n\t\t\t\t<\/div>\n\t\t\t\t<\/div>\n\t\t\t\t\t<\/div>\n\t\t\t\t<\/div>\n\t\t<div class=\"elementor-element elementor-element-71482016 e-flex e-con-boxed e-con e-parent\" data-id=\"71482016\" data-element_type=\"container\" data-e-type=\"container\" data-settings=\"{&quot;background_background&quot;:&quot;classic&quot;}\">\n\t\t\t\t\t<div class=\"e-con-inner\">\n\t\t<div class=\"elementor-element elementor-element-55eb71f5 e-con-full e-flex e-con e-child\" data-id=\"55eb71f5\" data-element_type=\"container\" data-e-type=\"container\">\n\t\t\t\t<div class=\"elementor-element elementor-element-5ba1658 elementor-widget elementor-widget-image\" data-id=\"5ba1658\" data-element_type=\"widget\" data-e-type=\"widget\" data-widget_type=\"image.default\">\n\t\t\t\t<div class=\"elementor-widget-container\">\n\t\t\t\t\t\t\t\t\t\t\t\t\t\t\t<img decoding=\"async\" width=\"800\" height=\"800\" src=\"https:\/\/planimus.si\/wp-content\/uploads\/2025\/03\/2-2-1024x1024.webp\" class=\"attachment-large size-large wp-image-22\" alt=\"\" srcset=\"https:\/\/planimus.si\/wp-content\/uploads\/2025\/03\/2-2-1024x1024.webp 1024w, https:\/\/planimus.si\/wp-content\/uploads\/2025\/03\/2-2-300x300.webp 300w, https:\/\/planimus.si\/wp-content\/uploads\/2025\/03\/2-2-150x150.webp 150w, https:\/\/planimus.si\/wp-content\/uploads\/2025\/03\/2-2-768x768.webp 768w, https:\/\/planimus.si\/wp-content\/uploads\/2025\/03\/2-2.webp 1080w\" sizes=\"(max-width: 800px) 100vw, 800px\" \/>\t\t\t\t\t\t\t\t\t\t\t\t\t\t\t<\/div>\n\t\t\t\t<\/div>\n\t\t\t\t<\/div>\n\t\t<div class=\"elementor-element elementor-element-3d59e3ef e-con-full e-flex e-con e-child\" data-id=\"3d59e3ef\" data-element_type=\"container\" data-e-type=\"container\">\n\t\t\t\t<div class=\"elementor-element elementor-element-201e3527 elementor-widget elementor-widget-heading\" data-id=\"201e3527\" data-element_type=\"widget\" data-e-type=\"widget\" data-widget_type=\"heading.default\">\n\t\t\t\t<div class=\"elementor-widget-container\">\n\t\t\t\t\t<h2 class=\"elementor-heading-title elementor-size-default\">Legalizacija<\/h2>\t\t\t\t<\/div>\n\t\t\t\t<\/div>\n\t\t\t\t<div class=\"elementor-element elementor-element-1383219c elementor-widget elementor-widget-text-editor\" data-id=\"1383219c\" data-element_type=\"widget\" data-e-type=\"widget\" data-widget_type=\"text-editor.default\">\n\t\t\t\t<div class=\"elementor-widget-container\">\n\t\t\t\t\t\t\t\t\t<p><span style=\"font-weight: 400;\">Prvi korak je preveritev mo\u017enosti legalizacije, v kolikor ta \u017ee ni bila naro\u010dena predhodno, v kolikor ste to pri nas \u017ee naro\u010dili, vam ceno preveritve priznamo kot popust pri nadaljnji storitvi.<\/span><\/p><p><span style=\"font-weight: 400;\">Po potrjeni mo\u017enosti legalizacije, se dogovorimo za nadaljnje korake skladno z ugotovitvami v poro\u010dilu. Glede na izbran postopek nadaljujemo s pripravo dokumentacije in pridobivanjem projektnih pogojev ali mnenj.<\/span><\/p><p><span style=\"font-weight: 400;\">Tekom postopka vas obve\u0161\u010damo o morebitnih posebnostih, prav tako vam sporo\u010dimo glede pla\u010dil upravnih taks ter komunalnega prispevka.<\/span><\/p><p><span style=\"font-weight: 400;\">Upravna enota je glavni organ, ki odlo\u010di o legalizaciji. V primeru uspe\u0161ne legalizacije objekt pridobi <\/span><span style=\"font-weight: 400;\">uporabno ter gradbeno dovoljenje<\/span><span style=\"font-weight: 400;\">.<\/span><\/p>\t\t\t\t\t\t\t\t<\/div>\n\t\t\t\t<\/div>\n\t\t\t\t<\/div>\n\t\t\t\t\t<\/div>\n\t\t\t\t<\/div>\n\t\t<div class=\"elementor-element elementor-element-3d2b239a e-flex e-con-boxed e-con e-parent\" data-id=\"3d2b239a\" data-element_type=\"container\" data-e-type=\"container\" data-settings=\"{&quot;background_background&quot;:&quot;classic&quot;}\">\n\t\t\t\t\t<div class=\"e-con-inner\">\n\t\t<div class=\"elementor-element elementor-element-272b8101 e-con-full e-flex e-con e-child\" data-id=\"272b8101\" data-element_type=\"container\" data-e-type=\"container\">\n\t\t\t\t<div class=\"elementor-element elementor-element-43b92ed8 elementor-widget elementor-widget-heading\" data-id=\"43b92ed8\" data-element_type=\"widget\" data-e-type=\"widget\" data-widget_type=\"heading.default\">\n\t\t\t\t<div class=\"elementor-widget-container\">\n\t\t\t\t\t<h2 class=\"elementor-heading-title elementor-size-default\">Uporabno dovoljene<\/h2>\t\t\t\t<\/div>\n\t\t\t\t<\/div>\n\t\t\t\t<div class=\"elementor-element elementor-element-31301160 elementor-widget elementor-widget-text-editor\" data-id=\"31301160\" data-element_type=\"widget\" data-e-type=\"widget\" data-widget_type=\"text-editor.default\">\n\t\t\t\t<div class=\"elementor-widget-container\">\n\t\t\t\t\t\t\t\t\t<p><span style=\"font-weight: 400;\">Za objekt zgrajen skladno z gradbenim dovoljenjem ali zgrajen pred letom 1967, za vas uredimo dokumentacijo in pridobimo uporabno dovoljenje.<\/span><\/p><p><span style=\"font-weight: 400;\">Za objekte zgrajene skladno z izdanim gradbenim dovoljenjem obstaja ve\u010d na\u010dinov za pridobitev uporabnega dovoljena. Glede na va\u0161o individualno situacijo vam svetujemo pri izbiri postopka, uredimo potrebno dokumentacijo in vodimo uporabni postopek do pridobitve dovoljenja.<\/span><\/p><p><span style=\"font-weight: 400;\">Uporabno dovoljenje za enostanovanjske hi\u0161e zgrajene pred 1. junijem 2018 skladno z gradbenim dovoljenjem in dopustnimi manj\u0161imi odstopanji se lahko pridobi na podlagi izjave poobla\u0161\u010denega projektanta. Z nami se lahko dogovorite za ogled objekta in dokumentacije, kjer vam po pregledu lahko podamo izjavo ter pripravimo preostalo dokumentacijo in vodimo postopek.<\/span><\/p>\t\t\t\t\t\t\t\t<\/div>\n\t\t\t\t<\/div>\n\t\t\t\t<\/div>\n\t\t<div class=\"elementor-element elementor-element-4d169879 e-con-full e-flex e-con e-child\" data-id=\"4d169879\" data-element_type=\"container\" data-e-type=\"container\">\n\t\t\t\t<div class=\"elementor-element elementor-element-68261848 elementor-widget elementor-widget-image\" data-id=\"68261848\" data-element_type=\"widget\" data-e-type=\"widget\" data-widget_type=\"image.default\">\n\t\t\t\t<div class=\"elementor-widget-container\">\n\t\t\t\t\t\t\t\t\t\t\t\t\t\t\t<img decoding=\"async\" width=\"800\" height=\"800\" src=\"https:\/\/planimus.si\/wp-content\/uploads\/2025\/03\/3-2-1024x1024.webp\" class=\"attachment-large size-large wp-image-23\" alt=\"\" srcset=\"https:\/\/planimus.si\/wp-content\/uploads\/2025\/03\/3-2-1024x1024.webp 1024w, https:\/\/planimus.si\/wp-content\/uploads\/2025\/03\/3-2-300x300.webp 300w, https:\/\/planimus.si\/wp-content\/uploads\/2025\/03\/3-2-150x150.webp 150w, https:\/\/planimus.si\/wp-content\/uploads\/2025\/03\/3-2-768x768.webp 768w, https:\/\/planimus.si\/wp-content\/uploads\/2025\/03\/3-2.webp 1080w\" sizes=\"(max-width: 800px) 100vw, 800px\" \/>\t\t\t\t\t\t\t\t\t\t\t\t\t\t\t<\/div>\n\t\t\t\t<\/div>\n\t\t\t\t<\/div>\n\t\t\t\t\t<\/div>\n\t\t\t\t<\/div>\n\t\t<div class=\"elementor-element elementor-element-4d044de e-flex e-con-boxed e-con e-parent\" data-id=\"4d044de\" data-element_type=\"container\" data-e-type=\"container\" data-settings=\"{&quot;background_background&quot;:&quot;classic&quot;}\">\n\t\t\t\t\t<div class=\"e-con-inner\">\n\t\t<div class=\"elementor-element elementor-element-77078a47 e-con-full e-flex e-con e-child\" data-id=\"77078a47\" data-element_type=\"container\" data-e-type=\"container\">\n\t\t\t\t<div class=\"elementor-element elementor-element-2aacb629 elementor-widget elementor-widget-image\" data-id=\"2aacb629\" data-element_type=\"widget\" data-e-type=\"widget\" data-widget_type=\"image.default\">\n\t\t\t\t<div class=\"elementor-widget-container\">\n\t\t\t\t\t\t\t\t\t\t\t\t\t\t\t<img loading=\"lazy\" decoding=\"async\" width=\"800\" height=\"800\" src=\"https:\/\/planimus.si\/wp-content\/uploads\/2025\/03\/4-1024x1024.webp\" class=\"attachment-large size-large wp-image-24\" alt=\"\" srcset=\"https:\/\/planimus.si\/wp-content\/uploads\/2025\/03\/4-1024x1024.webp 1024w, https:\/\/planimus.si\/wp-content\/uploads\/2025\/03\/4-300x300.webp 300w, https:\/\/planimus.si\/wp-content\/uploads\/2025\/03\/4-150x150.webp 150w, https:\/\/planimus.si\/wp-content\/uploads\/2025\/03\/4-768x768.webp 768w, https:\/\/planimus.si\/wp-content\/uploads\/2025\/03\/4.webp 1080w\" sizes=\"(max-width: 800px) 100vw, 800px\" \/>\t\t\t\t\t\t\t\t\t\t\t\t\t\t\t<\/div>\n\t\t\t\t<\/div>\n\t\t\t\t<\/div>\n\t\t<div class=\"elementor-element elementor-element-222c05f1 e-con-full e-flex e-con e-child\" data-id=\"222c05f1\" data-element_type=\"container\" data-e-type=\"container\">\n\t\t\t\t<div class=\"elementor-element elementor-element-5e039a2d elementor-widget elementor-widget-heading\" data-id=\"5e039a2d\" data-element_type=\"widget\" data-e-type=\"widget\" data-widget_type=\"heading.default\">\n\t\t\t\t<div class=\"elementor-widget-container\">\n\t\t\t\t\t<h2 class=\"elementor-heading-title elementor-size-default\">Sprememba Namembnosti<\/h2>\t\t\t\t<\/div>\n\t\t\t\t<\/div>\n\t\t\t\t<div class=\"elementor-element elementor-element-585b54f2 elementor-widget elementor-widget-text-editor\" data-id=\"585b54f2\" data-element_type=\"widget\" data-e-type=\"widget\" data-widget_type=\"text-editor.default\">\n\t\t\t\t<div class=\"elementor-widget-container\">\n\t\t\t\t\t\t\t\t\t<p><span style=\"font-weight: 400;\">V prvem delu preverimo in svetujemo glede spremembe namembnosti ter pregledamo obstoje\u010do dokumentacijo. Preverimo skladnost s prostorskim aktom in drugo pravno podlago.<\/span><\/p><p><span style=\"font-weight: 400;\">Za potrebe spremembe namembnosti digitaliziramo obstoje\u010de na\u010drte ter opravimo izmere na objektu. Pripravimo potrebno dokumentacijo in pridobimo potrebna mnenja.\u00a0<\/span><\/p><p><span style=\"font-weight: 400;\">Ko so mnenja pridobljena, pripravimo popolno vlogo in vam jo predamo ali jo v va\u0161em imenu vlo\u017eimo na upravno enoto ter vodimo upravni postopek do pridobitve gradbenega dovoljenja.<\/span><\/p><p>Pred pri\u010detkom uporabe je potrebno pridobiti uporabno dovoljenje. Za pridobitev tega, je potrebna izjava nadzornika, da je objekt zgrajen skladno z izdanim dovoljenjem.<\/p>\t\t\t\t\t\t\t\t<\/div>\n\t\t\t\t<\/div>\n\t\t\t\t<\/div>\n\t\t\t\t\t<\/div>\n\t\t\t\t<\/div>\n\t\t\t\t<\/div>\n\t\t","protected":false},"excerpt":{"rendered":"<p>Projektiranje in in\u017eeiniring Faze projektne dokumentacije IDZ \u2013 Idejna zasnova Za\u010detna faza je osredoto\u010dena na pridobitev projektnih pogojev in soglasij ustreznih organov, s \u010dimer se preveri in zagotovi izvedljivost va\u0161ega projekta. Pripravimo vam splo\u0161en opis nameravane gradnje ter kratek opis izhodi\u0161\u010d in osnovnih zna\u010dilnosti re\u0161itve. IDP \u2013 Idejni projekt Ta faza pomaga dolo\u010diti najprimernej\u0161o varianto [&hellip;]<\/p>\n","protected":false},"author":1,"featured_media":0,"parent":0,"menu_order":0,"comment_status":"closed","ping_status":"closed","template":"elementor_header_footer","meta":{"footnotes":""},"class_list":["post-20","page","type-page","status-publish","hentry"],"_links":{"self":[{"href":"https:\/\/planimus.si\/index.php?rest_route=\/wp\/v2\/pages\/20","targetHints":{"allow":["GET"]}}],"collection":[{"href":"https:\/\/planimus.si\/index.php?rest_route=\/wp\/v2\/pages"}],"about":[{"href":"https:\/\/planimus.si\/index.php?rest_route=\/wp\/v2\/types\/page"}],"author":[{"embeddable":true,"href":"https:\/\/planimus.si\/index.php?rest_route=\/wp\/v2\/users\/1"}],"replies":[{"embeddable":true,"href":"https:\/\/planimus.si\/index.php?rest_route=%2Fwp%2Fv2%2Fcomments&post=20"}],"version-history":[{"count":40,"href":"https:\/\/planimus.si\/index.php?rest_route=\/wp\/v2\/pages\/20\/revisions"}],"predecessor-version":[{"id":197,"href":"https:\/\/planimus.si\/index.php?rest_route=\/wp\/v2\/pages\/20\/revisions\/197"}],"wp:attachment":[{"href":"https:\/\/planimus.si\/index.php?rest_route=%2Fwp%2Fv2%2Fmedia&parent=20"}],"curies":[{"name":"wp","href":"https:\/\/api.w.org\/{rel}","templated":true}]}}