{"id":15,"date":"2025-03-26T11:31:23","date_gmt":"2025-03-26T11:31:23","guid":{"rendered":"https:\/\/planimus.si\/?page_id=15"},"modified":"2025-05-09T11:40:10","modified_gmt":"2025-05-09T11:40:10","slug":"o-nas","status":"publish","type":"page","link":"https:\/\/planimus.si\/?page_id=15","title":{"rendered":"O nas"},"content":{"rendered":"\t\t<div data-elementor-type=\"wp-page\" data-elementor-id=\"15\" class=\"elementor elementor-15\" data-elementor-post-type=\"page\">\n\t\t\t\t<div class=\"elementor-element elementor-element-4b41dc6f e-flex e-con-boxed e-con e-parent\" data-id=\"4b41dc6f\" data-element_type=\"container\" data-e-type=\"container\" data-settings=\"{&quot;background_background&quot;:&quot;classic&quot;}\">\n\t\t\t\t\t<div class=\"e-con-inner\">\n\t\t\t\t<div class=\"elementor-element elementor-element-7ac6380e elementor-widget elementor-widget-heading\" data-id=\"7ac6380e\" data-element_type=\"widget\" data-e-type=\"widget\" data-widget_type=\"heading.default\">\n\t\t\t\t<div class=\"elementor-widget-container\">\n\t\t\t\t\t<h2 class=\"elementor-heading-title elementor-size-default\">Arhitekturno podjetje z dolgoletnimi izku\u0161njami<\/h2>\t\t\t\t<\/div>\n\t\t\t\t<\/div>\n\t\t\t\t\t<\/div>\n\t\t\t\t<\/div>\n\t\t<div class=\"elementor-element elementor-element-3a4212af e-flex e-con-boxed e-con e-parent\" data-id=\"3a4212af\" data-element_type=\"container\" data-e-type=\"container\" data-settings=\"{&quot;background_background&quot;:&quot;classic&quot;}\">\n\t\t\t\t\t<div class=\"e-con-inner\">\n\t\t<div class=\"elementor-element elementor-element-322d08a0 e-con-full e-flex e-con e-child\" data-id=\"322d08a0\" data-element_type=\"container\" data-e-type=\"container\">\n\t\t\t\t<div class=\"elementor-element elementor-element-18cf24c9 elementor-widget elementor-widget-heading\" data-id=\"18cf24c9\" data-element_type=\"widget\" data-e-type=\"widget\" data-widget_type=\"heading.default\">\n\t\t\t\t<div class=\"elementor-widget-container\">\n\t\t\t\t\t<h2 class=\"elementor-heading-title elementor-size-default\">Va\u0161 <i>zanesljiv partner<\/i> pri projektiranju in gradnji\n<\/h2>\t\t\t\t<\/div>\n\t\t\t\t<\/div>\n\t\t\t\t<div class=\"elementor-element elementor-element-3ab8145c elementor-widget elementor-widget-text-editor\" data-id=\"3ab8145c\" data-element_type=\"widget\" data-e-type=\"widget\" data-widget_type=\"text-editor.default\">\n\t\t\t\t<div class=\"elementor-widget-container\">\n\t\t\t\t\t\t\t\t\t<p data-start=\"0\" data-end=\"371\">V podjetju PLANIMUS vas s strokovnimi arhitekturnimi in prostorskimi re\u0161itvami vodimo skozi kompleksen proces projektiranja in gradnje va\u0161ega doma. Od za\u010detnega koncepta do uradnih postopkov zagotavljamo, da je va\u0161 projekt zasnovan, na\u010drtovan in izveden v skladu z va\u0161o vizijo in ustreza vsem upravnim postopkom.<\/p>\t\t\t\t\t\t\t\t<\/div>\n\t\t\t\t<\/div>\n\t\t\t\t<\/div>\n\t\t\t\t\t<\/div>\n\t\t\t\t<\/div>\n\t\t<div class=\"elementor-element elementor-element-e182531 e-flex e-con-boxed e-con e-parent\" data-id=\"e182531\" data-element_type=\"container\" data-e-type=\"container\" data-settings=\"{&quot;background_background&quot;:&quot;classic&quot;}\">\n\t\t\t\t\t<div class=\"e-con-inner\">\n\t\t<div class=\"elementor-element elementor-element-6372c702 e-con-full e-flex e-con e-child\" data-id=\"6372c702\" data-element_type=\"container\" data-e-type=\"container\">\n\t\t\t\t<div class=\"elementor-element elementor-element-50bfd80c elementor-widget elementor-widget-heading\" data-id=\"50bfd80c\" data-element_type=\"widget\" data-e-type=\"widget\" data-widget_type=\"heading.default\">\n\t\t\t\t<div class=\"elementor-widget-container\">\n\t\t\t\t\t<h2 class=\"elementor-heading-title elementor-size-default\"><i>Strokovna ekipa<\/i> z licenco in izku\u0161njami\n<\/h2>\t\t\t\t<\/div>\n\t\t\t\t<\/div>\n\t\t\t\t<div class=\"elementor-element elementor-element-1603e8df elementor-widget elementor-widget-text-editor\" data-id=\"1603e8df\" data-element_type=\"widget\" data-e-type=\"widget\" data-widget_type=\"text-editor.default\">\n\t\t\t\t<div class=\"elementor-widget-container\">\n\t\t\t\t\t\t\t\t\t<p data-start=\"373\" data-end=\"663\">V na\u0161i ekipi so in\u017eenirji z veljavno licenco za arhitekturno projektiranje in strokovnim znanjem na podro\u010dju vodenja projektov, nadzora gradnje. Na\u0161 cilj je, da bo va\u0161a \u017eivljenjska nalo\u017eba preudarna, u\u010dinkovita in pozitivno zaklju\u010dena zgodba.<\/p>\t\t\t\t\t\t\t\t<\/div>\n\t\t\t\t<\/div>\n\t\t\t\t<\/div>\n\t\t<div class=\"elementor-element elementor-element-61be1b5e e-con-full e-flex e-con e-child\" data-id=\"61be1b5e\" data-element_type=\"container\" data-e-type=\"container\">\n\t\t\t\t<div class=\"elementor-element elementor-element-1dbfb5af elementor-widget elementor-widget-image\" data-id=\"1dbfb5af\" data-element_type=\"widget\" data-e-type=\"widget\" data-widget_type=\"image.default\">\n\t\t\t\t<div class=\"elementor-widget-container\">\n\t\t\t\t\t\t\t\t\t\t\t\t\t\t\t<img fetchpriority=\"high\" decoding=\"async\" width=\"612\" height=\"408\" src=\"https:\/\/planimus.si\/wp-content\/uploads\/2025\/03\/852a2371-4194-46c9-a490-206b1ae54201.png\" class=\"attachment-large size-large wp-image-16\" alt=\"\" srcset=\"https:\/\/planimus.si\/wp-content\/uploads\/2025\/03\/852a2371-4194-46c9-a490-206b1ae54201.png 612w, https:\/\/planimus.si\/wp-content\/uploads\/2025\/03\/852a2371-4194-46c9-a490-206b1ae54201-300x200.png 300w\" sizes=\"(max-width: 612px) 100vw, 612px\" \/>\t\t\t\t\t\t\t\t\t\t\t\t\t\t\t<\/div>\n\t\t\t\t<\/div>\n\t\t\t\t<\/div>\n\t\t\t\t\t<\/div>\n\t\t\t\t<\/div>\n\t\t<div class=\"elementor-element elementor-element-5153e34f e-flex e-con-boxed e-con e-parent\" data-id=\"5153e34f\" data-element_type=\"container\" data-e-type=\"container\" data-settings=\"{&quot;background_background&quot;:&quot;classic&quot;}\">\n\t\t\t\t\t<div class=\"e-con-inner\">\n\t\t\t\t<div class=\"elementor-element elementor-element-4cea6e25 elementor-widget elementor-widget-image\" data-id=\"4cea6e25\" data-element_type=\"widget\" data-e-type=\"widget\" data-widget_type=\"image.default\">\n\t\t\t\t<div class=\"elementor-widget-container\">\n\t\t\t\t\t\t\t\t\t\t\t\t\t\t\t<img decoding=\"async\" width=\"408\" height=\"612\" src=\"https:\/\/planimus.si\/wp-content\/uploads\/2025\/03\/6cc06dbb-a9f2-45d5-b8cb-a26f96a1f572.png\" class=\"attachment-large size-large wp-image-17\" alt=\"\" srcset=\"https:\/\/planimus.si\/wp-content\/uploads\/2025\/03\/6cc06dbb-a9f2-45d5-b8cb-a26f96a1f572.png 408w, https:\/\/planimus.si\/wp-content\/uploads\/2025\/03\/6cc06dbb-a9f2-45d5-b8cb-a26f96a1f572-200x300.png 200w\" sizes=\"(max-width: 408px) 100vw, 408px\" \/>\t\t\t\t\t\t\t\t\t\t\t\t\t\t\t<\/div>\n\t\t\t\t<\/div>\n\t\t<div class=\"elementor-element elementor-element-1587bf5 e-con-full e-flex e-con e-child\" data-id=\"1587bf5\" data-element_type=\"container\" data-e-type=\"container\">\n\t\t\t\t<div class=\"elementor-element elementor-element-8de707e elementor-widget elementor-widget-heading\" data-id=\"8de707e\" data-element_type=\"widget\" data-e-type=\"widget\" data-widget_type=\"heading.default\">\n\t\t\t\t<div class=\"elementor-widget-container\">\n\t\t\t\t\t<h2 class=\"elementor-heading-title elementor-size-default\"><i>Celovit pristop<\/i> za brezskrbno izvedbo va\u0161ega projekta\n<\/h2>\t\t\t\t<\/div>\n\t\t\t\t<\/div>\n\t\t\t\t<div class=\"elementor-element elementor-element-1aaeade1 elementor-widget elementor-widget-text-editor\" data-id=\"1aaeade1\" data-element_type=\"widget\" data-e-type=\"widget\" data-widget_type=\"text-editor.default\">\n\t\t\t\t<div class=\"elementor-widget-container\">\n\t\t\t\t\t\t\t\t\t<div class=\"flex max-w-full flex-col flex-grow\"><div class=\"min-h-8 text-message relative flex w-full flex-col items-end gap-2 whitespace-normal break-words text-start [.text-message+&amp;]:mt-5\" dir=\"auto\" data-message-author-role=\"assistant\" data-message-id=\"c77f8eec-4d46-41c6-89d8-bb327a270c40\" data-message-model-slug=\"gpt-4o\"><div class=\"flex w-full flex-col gap-1 empty:hidden first:pt-[3px]\"><div class=\"markdown prose w-full break-words dark:prose-invert dark\"><p data-start=\"665\" data-end=\"1017\" data-is-last-node=\"\" data-is-only-node=\"\">Verjamemo v celovit pristop, kjer projektiranje in in\u017eeniring delujeta z roko v roki. Ne glede na to, ali gre za pridobivanje dovoljenj, arhitekturno zasnovo, optimizacijo va\u0161ih gradbenih na\u010drtov ali zagotavljanje skladnosti z zakoni, je PLANIMUS va\u0161 zaupanja vreden partner na vsakem koraku<\/p><\/div><\/div><\/div><\/div>\t\t\t\t\t\t\t\t<\/div>\n\t\t\t\t<\/div>\n\t\t\t\t<\/div>\n\t\t\t\t\t<\/div>\n\t\t\t\t<\/div>\n\t\t<div class=\"elementor-element elementor-element-58e71c6 e-flex e-con-boxed e-con e-parent\" data-id=\"58e71c6\" data-element_type=\"container\" data-e-type=\"container\" data-settings=\"{&quot;background_background&quot;:&quot;classic&quot;}\">\n\t\t\t\t\t<div class=\"e-con-inner\">\n\t\t<div class=\"elementor-element elementor-element-da5f3da e-con-full e-flex e-con e-child\" data-id=\"da5f3da\" data-element_type=\"container\" data-e-type=\"container\">\n\t\t\t\t<div class=\"elementor-element elementor-element-3f73c17 elementor-widget elementor-widget-heading\" data-id=\"3f73c17\" data-element_type=\"widget\" data-e-type=\"widget\" data-widget_type=\"heading.default\">\n\t\t\t\t<div class=\"elementor-widget-container\">\n\t\t\t\t\t<h2 class=\"elementor-heading-title elementor-size-default\">Zaupanje, podprto z verodostojnostjo<\/h2>\t\t\t\t<\/div>\n\t\t\t\t<\/div>\n\t\t\t\t<div class=\"elementor-element elementor-element-958872e elementor-widget elementor-widget-text-editor\" data-id=\"958872e\" data-element_type=\"widget\" data-e-type=\"widget\" data-widget_type=\"text-editor.default\">\n\t\t\t\t<div class=\"elementor-widget-container\">\n\t\t\t\t\t\t\t\t\t<p>Podjetje Planimus je uradno registrirano pri Zbornici za arhitekturo in prostor Slovenije (ZAPS), kar potrjuje na\u0161o strokovnost, skladnost z zakonodajo ter zavezanost visokim standardom arhitekturne prakse.<\/p>\t\t\t\t\t\t\t\t<\/div>\n\t\t\t\t<\/div>\n\t\t\t\t<\/div>\n\t\t<div class=\"elementor-element elementor-element-abd0275 e-con-full e-flex e-con e-child\" data-id=\"abd0275\" data-element_type=\"container\" data-e-type=\"container\">\n\t\t\t\t<div class=\"elementor-element elementor-element-f36c2d0 elementor-widget elementor-widget-image\" data-id=\"f36c2d0\" data-element_type=\"widget\" data-e-type=\"widget\" data-widget_type=\"image.default\">\n\t\t\t\t<div class=\"elementor-widget-container\">\n\t\t\t\t\t\t\t\t\t\t\t\t\t\t\t\t<a href=\"https:\/\/zaps.si\/\">\n\t\t\t\t\t\t\t<img decoding=\"async\" width=\"209\" height=\"209\" src=\"https:\/\/planimus.si\/wp-content\/uploads\/2025\/03\/logo.svg\" class=\"attachment-large size-large wp-image-140\" alt=\"\" \/>\t\t\t\t\t\t\t\t<\/a>\n\t\t\t\t\t\t\t\t\t\t\t\t\t\t\t<\/div>\n\t\t\t\t<\/div>\n\t\t\t\t<\/div>\n\t\t\t\t\t<\/div>\n\t\t\t\t<\/div>\n\t\t<div class=\"elementor-element elementor-element-d6c02f2 e-flex e-con-boxed e-con e-parent\" data-id=\"d6c02f2\" data-element_type=\"container\" data-e-type=\"container\" data-settings=\"{&quot;background_background&quot;:&quot;classic&quot;}\">\n\t\t\t\t\t<div class=\"e-con-inner\">\n\t\t<div class=\"elementor-element elementor-element-5a44eb2 e-con-full e-flex e-con e-child\" data-id=\"5a44eb2\" data-element_type=\"container\" data-e-type=\"container\">\n\t\t\t\t<div class=\"elementor-element elementor-element-7031abf elementor-widget elementor-widget-heading\" data-id=\"7031abf\" data-element_type=\"widget\" data-e-type=\"widget\" data-widget_type=\"heading.default\">\n\t\t\t\t<div class=\"elementor-widget-container\">\n\t\t\t\t\t<h2 class=\"elementor-heading-title elementor-size-default\">Na\u0161i podatki<\/h2>\t\t\t\t<\/div>\n\t\t\t\t<\/div>\n\t\t\t\t<div class=\"elementor-element elementor-element-9cd5db6 elementor-widget elementor-widget-text-editor\" data-id=\"9cd5db6\" data-element_type=\"widget\" data-e-type=\"widget\" data-widget_type=\"text-editor.default\">\n\t\t\t\t<div class=\"elementor-widget-container\">\n\t\t\t\t\t\t\t\t\t<p>Planimus d.o.o<\/p><p><a id=\"ctl00_ctl00_cphMain_CompanyDetailsTitleBasic1_aAddress\" class=\"b-link i-ostalo-lokacija\"><\/a>Ber\u010di\u010deva ulica 14, Ljubljana, 1260 LJUBLJANA-POLJE<\/p><p>Tel.: +386 41 265 695\u00a0<\/p><div class=\"col-6 b-attr-name\">Dav\u010dna \u0161tevilka: 89729137<\/div><div>\u00a0<\/div>\t\t\t\t\t\t\t\t<\/div>\n\t\t\t\t<\/div>\n\t\t\t\t<\/div>\n\t\t<div class=\"elementor-element elementor-element-8677ead e-con-full e-flex e-con e-child\" data-id=\"8677ead\" data-element_type=\"container\" data-e-type=\"container\">\n\t\t\t\t<div class=\"elementor-element elementor-element-8ca1112 elementor-widget elementor-widget-google_maps\" data-id=\"8ca1112\" data-element_type=\"widget\" data-e-type=\"widget\" data-widget_type=\"google_maps.default\">\n\t\t\t\t<div class=\"elementor-widget-container\">\n\t\t\t\t\t\t\t<div class=\"elementor-custom-embed\">\n\t\t\t<iframe loading=\"lazy\"\n\t\t\t\t\tsrc=\"https:\/\/maps.google.com\/maps?q=Ber%C4%8Di%C4%8Deva%20ulica%2014%2C%20Ljubljana%2C%201260%20LJUBLJANA-POLJE&#038;t=m&#038;z=13&#038;output=embed&#038;iwloc=near\"\n\t\t\t\t\ttitle=\"Ber\u010di\u010deva ulica 14, Ljubljana, 1260 LJUBLJANA-POLJE\"\n\t\t\t\t\taria-label=\"Ber\u010di\u010deva ulica 14, Ljubljana, 1260 LJUBLJANA-POLJE\"\n\t\t\t><\/iframe>\n\t\t<\/div>\n\t\t\t\t\t\t<\/div>\n\t\t\t\t<\/div>\n\t\t\t\t<\/div>\n\t\t\t\t\t<\/div>\n\t\t\t\t<\/div>\n\t\t\t\t<\/div>\n\t\t","protected":false},"excerpt":{"rendered":"<p>Arhitekturno podjetje z dolgoletnimi izku\u0161njami Va\u0161 zanesljiv partner pri projektiranju in gradnji V podjetju PLANIMUS vas s strokovnimi arhitekturnimi in prostorskimi re\u0161itvami vodimo skozi kompleksen proces projektiranja in gradnje va\u0161ega doma. Od za\u010detnega koncepta do uradnih postopkov zagotavljamo, da je va\u0161 projekt zasnovan, na\u010drtovan in izveden v skladu z va\u0161o vizijo in ustreza vsem upravnim [&hellip;]<\/p>\n","protected":false},"author":1,"featured_media":0,"parent":0,"menu_order":0,"comment_status":"closed","ping_status":"closed","template":"elementor_header_footer","meta":{"footnotes":""},"class_list":["post-15","page","type-page","status-publish","hentry"],"_links":{"self":[{"href":"https:\/\/planimus.si\/index.php?rest_route=\/wp\/v2\/pages\/15","targetHints":{"allow":["GET"]}}],"collection":[{"href":"https:\/\/planimus.si\/index.php?rest_route=\/wp\/v2\/pages"}],"about":[{"href":"https:\/\/planimus.si\/index.php?rest_route=\/wp\/v2\/types\/page"}],"author":[{"embeddable":true,"href":"https:\/\/planimus.si\/index.php?rest_route=\/wp\/v2\/users\/1"}],"replies":[{"embeddable":true,"href":"https:\/\/planimus.si\/index.php?rest_route=%2Fwp%2Fv2%2Fcomments&post=15"}],"version-history":[{"count":40,"href":"https:\/\/planimus.si\/index.php?rest_route=\/wp\/v2\/pages\/15\/revisions"}],"predecessor-version":[{"id":194,"href":"https:\/\/planimus.si\/index.php?rest_route=\/wp\/v2\/pages\/15\/revisions\/194"}],"wp:attachment":[{"href":"https:\/\/planimus.si\/index.php?rest_route=%2Fwp%2Fv2%2Fmedia&parent=15"}],"curies":[{"name":"wp","href":"https:\/\/api.w.org\/{rel}","templated":true}]}}